{"id":291,"date":"2026-03-04T13:58:25","date_gmt":"2026-03-04T12:58:25","guid":{"rendered":"https:\/\/parquet-chavarria.com\/contacte\/"},"modified":"2026-03-19T16:26:36","modified_gmt":"2026-03-19T15:26:36","slug":"contacte","status":"publish","type":"page","link":"https:\/\/parquet-chavarria.com\/ca\/contacte\/","title":{"rendered":"Contacte"},"content":{"rendered":"<p>[et_pb_section fb_built=&#8221;1&#8243; _builder_version=&#8221;4.27.4&#8243; _module_preset=&#8221;default&#8221; background_image=&#8221;https:\/\/parquet-chavarria.com\/wp-content\/uploads\/parquet-chavarria-contacto-header.webp&#8221; custom_padding=&#8221;2em||2em||true|false&#8221; global_colors_info=&#8221;{}&#8221;][et_pb_row _builder_version=&#8221;4.27.4&#8243; _module_preset=&#8221;default&#8221; width=&#8221;90%&#8221; max_width=&#8221;780px&#8221; module_alignment=&#8221;center&#8221; global_colors_info=&#8221;{}&#8221;][et_pb_column type=&#8221;4_4&#8243; _builder_version=&#8221;4.27.4&#8243; _module_preset=&#8221;default&#8221; global_colors_info=&#8221;{}&#8221;][et_pb_text _builder_version=&#8221;4.27.4&#8243; _module_preset=&#8221;default&#8221; header_text_align=&#8221;center&#8221; header_text_color=&#8221;#FFFFFF&#8221; header_font_size=&#8221;40px&#8221; header_line_height=&#8221;1.2em&#8221; header_font_size_tablet=&#8221;35px&#8221; header_font_size_phone=&#8221;30px&#8221; header_font_size_last_edited=&#8221;on|phone&#8221; global_colors_info=&#8221;{}&#8221;]<\/p>\n<h1><strong>Contacte<\/strong><\/h1>\n<p>[\/et_pb_text][et_pb_divider color=&#8221;#FFFFFF&#8221; divider_position=&#8221;center&#8221; divider_weight=&#8221;5px&#8221; _builder_version=&#8221;4.27.4&#8243; _module_preset=&#8221;default&#8221; max_width=&#8221;5em&#8221; module_alignment=&#8221;center&#8221; global_colors_info=&#8221;{}&#8221;][\/et_pb_divider][et_pb_text _builder_version=&#8221;4.27.4&#8243; _module_preset=&#8221;default&#8221; text_font=&#8221;||||||||&#8221; text_text_color=&#8221;#FFFFFF&#8221; text_font_size=&#8221;16px&#8221; text_line_height=&#8221;1.5em&#8221; header_text_align=&#8221;center&#8221; header_text_color=&#8221;#FFFFFF&#8221; header_font_size=&#8221;40px&#8221; header_line_height=&#8221;1.2em&#8221; text_orientation=&#8221;center&#8221; text_font_size_tablet=&#8221;16px&#8221; text_font_size_phone=&#8221;14px&#8221; text_font_size_last_edited=&#8221;on|phone&#8221; header_font_size_tablet=&#8221;35px&#8221; header_font_size_phone=&#8221;30px&#8221; header_font_size_last_edited=&#8221;on|phone&#8221; global_colors_info=&#8221;{}&#8221;]<\/p>\n<p>Contacti amb nosaltres per analitzar el seu projecte i rebre orientaci\u00f3 professional, propostes constructives clares i una valoraci\u00f3 econ\u00f2mica ajustada als seus requeriments.<\/p>\n<p>[\/et_pb_text][\/et_pb_column][\/et_pb_row][\/et_pb_section][et_pb_section fb_built=&#8221;1&#8243; _builder_version=&#8221;4.27.4&#8243; _module_preset=&#8221;default&#8221; background_color=&#8221;#e6e6e6&#8243; custom_padding=&#8221;2em||2em||true|false&#8221; global_module=&#8221;128&#8243; locked=&#8221;off&#8221; global_colors_info=&#8221;{}&#8221;][et_pb_row column_structure=&#8221;1_2,1_2&#8243; _builder_version=&#8221;4.27.4&#8243; _module_preset=&#8221;default&#8221; width=&#8221;90%&#8221; module_alignment=&#8221;center&#8221; global_colors_info=&#8221;{}&#8221;][et_pb_column type=&#8221;1_2&#8243; _builder_version=&#8221;4.27.4&#8243; _module_preset=&#8221;default&#8221; global_colors_info=&#8221;{}&#8221;][et_pb_text _builder_version=&#8221;4.27.4&#8243; _module_preset=&#8221;default&#8221; header_text_align=&#8221;center&#8221; header_text_color=&#8221;#FFFFFF&#8221; header_font_size=&#8221;40px&#8221; header_line_height=&#8221;1.2em&#8221; header_2_font=&#8221;|700||on|||||&#8221; header_2_text_align=&#8221;left&#8221; header_2_text_color=&#8221;#000000&#8243; header_2_font_size=&#8221;25px&#8221; header_2_line_height=&#8221;1.2em&#8221; custom_margin=&#8221;||1em||false|false&#8221; header_font_size_tablet=&#8221;35px&#8221; header_font_size_phone=&#8221;30px&#8221; header_font_size_last_edited=&#8221;on|phone&#8221; header_2_font_size_tablet=&#8221;25px&#8221; header_2_font_size_phone=&#8221;20px&#8221; header_2_font_size_last_edited=&#8221;on|tablet&#8221; custom_css_free_form=&#8221;selector h2 strong{||  color:#B79454;||}&#8221; global_colors_info=&#8221;{}&#8221;]<\/p>\n<h2 class=\"p1\">Professionalitat, experi\u00e8ncia i comprom\u00eds<\/h2>\n<p>[\/et_pb_text][et_pb_text _builder_version=&#8221;4.27.4&#8243; _module_preset=&#8221;default&#8221; text_font=&#8221;||||||||&#8221; text_text_color=&#8221;#000000&#8243; text_font_size=&#8221;16px&#8221; text_line_height=&#8221;1.5em&#8221; header_text_align=&#8221;center&#8221; header_text_color=&#8221;#FFFFFF&#8221; header_font_size=&#8221;40px&#8221; header_line_height=&#8221;1.2em&#8221; text_font_size_tablet=&#8221;16px&#8221; text_font_size_phone=&#8221;14px&#8221; text_font_size_last_edited=&#8221;on|desktop&#8221; header_font_size_tablet=&#8221;35px&#8221; header_font_size_phone=&#8221;30px&#8221; header_font_size_last_edited=&#8221;on|phone&#8221; custom_css_free_form=&#8221;selector strong{||  color:#B79454;||}&#8221; locked=&#8221;off&#8221; global_colors_info=&#8221;{}&#8221;]<\/p>\n<p><strong>Parquet Chavarr\u00eda S.L.<\/strong> va n\u00e9ixer fa quatre anys, per\u00f2 est\u00e0 recolzada per m\u00e9s de dues d\u00e8cades d&#8217;experi\u00e8ncia al sector dels terres de fusta. Aquest coneixement ens permet oferir <strong>un servei \u00e0gil, resolutiu i amb altsest\u00e0ndards de qualitat<\/strong>.<\/p>\n<p><\/p>\n<p><strong>Ens impliquem a cada treball com si fos propi<\/strong>. Complim els terminis acordats, cuidem el detall dels acabats i mantenim un tracte proper i transparent amb cada client.<\/p>\n<p><\/p>\n<p><strong>Si busques instal\u00b7ladors de parquet responsables i meticulosos, ets al lloc adequat<\/strong>.<\/p>\n<p>[\/et_pb_text][et_pb_text _builder_version=&#8221;4.27.4&#8243; _module_preset=&#8221;default&#8221; text_font=&#8221;||||||||&#8221; text_text_color=&#8221;#000000&#8243; text_font_size=&#8221;16px&#8221; text_line_height=&#8221;1.5em&#8221; header_text_align=&#8221;center&#8221; header_text_color=&#8221;#FFFFFF&#8221; header_font_size=&#8221;40px&#8221; header_line_height=&#8221;1.2em&#8221; hover_enabled=&#8221;0&#8243; text_font_size_tablet=&#8221;16px&#8221; text_font_size_phone=&#8221;14px&#8221; text_font_size_last_edited=&#8221;on|desktop&#8221; header_font_size_tablet=&#8221;35px&#8221; header_font_size_phone=&#8221;30px&#8221; header_font_size_last_edited=&#8221;on|phone&#8221; custom_css_free_form=&#8221;selector strong{||  color:#B79454;||}||selector ul{||  margin-left:2em;||}||selector li{||  margin-bottom:0.5em;||}||selector a:hover{||  text-decoration:underline;||}&#8221; locked=&#8221;off&#8221; global_colors_info=&#8221;{}&#8221; sticky_enabled=&#8221;0&#8243;]<\/p>\n<ul>\n<li>Parquet Chavarr\u00eda S.L<\/li>\n<li>Calle Francesc Camb\u00f3 N\u00ba 19-50, 43700, El Vendrell, Tarragona<\/li>\n<li><a href=\"tel:+34624724944\" title=\"Llamar al 624 724 944\" aria-label=\"Llamar al n\u00famero de tel\u00e9fono 624 724 944\">+34 624 724 944<\/a><\/li>\n<li><a href=\"tel:+34643600391\" title=\"Llamar al 643 600 391\" aria-label=\"Llamar al n\u00famero de tel\u00e9fono 643 600 391\">+34 643 600 391<\/a><\/li>\n<li><a href=\"mailto:info@parquet-chavarria.com\" title=\"Enviar correo a info@parquet-chavarria.com\" aria-label=\"Enviar correo electr\u00f3nico a info@parquet-chavarria.com\">info@parquet-chavarria.com<\/a><\/li>\n<\/ul>\n<p>[\/et_pb_text][\/et_pb_column][et_pb_column type=&#8221;1_2&#8243; _builder_version=&#8221;4.27.4&#8243; _module_preset=&#8221;default&#8221; global_colors_info=&#8221;{}&#8221;][et_pb_text _builder_version=&#8221;4.27.4&#8243; _module_preset=&#8221;default&#8221; header_text_align=&#8221;center&#8221; header_text_color=&#8221;#FFFFFF&#8221; header_font_size=&#8221;40px&#8221; header_line_height=&#8221;1.2em&#8221; header_2_font=&#8221;|||on|||||&#8221; header_2_text_align=&#8221;left&#8221; header_2_text_color=&#8221;#000000&#8243; header_2_font_size=&#8221;25px&#8221; header_2_line_height=&#8221;1.2em&#8221; custom_margin=&#8221;||1em||false|false&#8221; header_font_size_tablet=&#8221;35px&#8221; header_font_size_phone=&#8221;30px&#8221; header_font_size_last_edited=&#8221;on|phone&#8221; header_2_font_size_tablet=&#8221;25px&#8221; header_2_font_size_phone=&#8221;20px&#8221; header_2_font_size_last_edited=&#8221;on|tablet&#8221; custom_css_free_form=&#8221;selector h2 strong{||  color:#B79454;||}&#8221; global_colors_info=&#8221;{}&#8221;]<\/p>\n<h2 class=\"p1\">Explica&#8217;ns qu\u00e8 necessites i et prepararem un pressupost sense comprom\u00eds.<\/h2>\n<p>[\/et_pb_text][et_pb_code _builder_version=&#8221;4.27.4&#8243; _module_preset=&#8221;default&#8221; global_colors_info=&#8221;{}&#8221;]<pee>\n<div class=\"wpcf7 no-js\" id=\"wpcf7-f277-o1\" lang=\"es-ES\" dir=\"ltr\" data-wpcf7-id=\"277\">\n<div class=\"screen-reader-response\"><p role=\"status\" aria-live=\"polite\" aria-atomic=\"true\"><\/p> <ul><\/ul><\/div>\n<form action=\"\/ca\/wp-json\/wp\/v2\/pages\/291#wpcf7-f277-o1\" method=\"post\" class=\"wpcf7-form init\" aria-label=\"Formulario de contacto\" novalidate=\"novalidate\" data-status=\"init\">\n<fieldset class=\"hidden-fields-container\"><input type=\"hidden\" name=\"_wpcf7\" value=\"277\" \/><input type=\"hidden\" name=\"_wpcf7_version\" value=\"6.1.5\" \/><input type=\"hidden\" name=\"_wpcf7_locale\" value=\"es_ES\" \/><input type=\"hidden\" name=\"_wpcf7_unit_tag\" value=\"wpcf7-f277-o1\" \/><input type=\"hidden\" name=\"_wpcf7_container_post\" value=\"0\" \/><input type=\"hidden\" name=\"_wpcf7_posted_data_hash\" value=\"\" \/>\n<\/fieldset>\n<div class=\"form-izq\">\n\t<p><span class=\"wpcf7-form-control-wrap\" data-name=\"nombre\"><input size=\"40\" maxlength=\"400\" class=\"wpcf7-form-control wpcf7-text wpcf7-validates-as-required\" autocomplete=\"name\" aria-required=\"true\" aria-invalid=\"false\" placeholder=\"Nom *\" value=\"\" type=\"text\" name=\"nombre\" \/><\/span><br \/>\n<span class=\"wpcf7-form-control-wrap\" data-name=\"telefono\"><input size=\"40\" maxlength=\"400\" class=\"wpcf7-form-control wpcf7-tel wpcf7-validates-as-required wpcf7-text wpcf7-validates-as-tel\" autocomplete=\"tel\" aria-required=\"true\" aria-invalid=\"false\" placeholder=\"Tel\u00e8fon *\" value=\"\" type=\"tel\" name=\"telefono\" \/><\/span>\n\t<\/p>\n<\/div>\n<div class=\"form-dch\">\n\t<p><span class=\"wpcf7-form-control-wrap\" data-name=\"apellido\"><input size=\"40\" maxlength=\"400\" class=\"wpcf7-form-control wpcf7-text\" autocomplete=\"name\" aria-invalid=\"false\" placeholder=\"Cognom\" value=\"\" type=\"text\" name=\"apellido\" \/><\/span><br \/>\n<span class=\"wpcf7-form-control-wrap\" data-name=\"your-email\"><input size=\"40\" maxlength=\"400\" class=\"wpcf7-form-control wpcf7-email wpcf7-validates-as-required wpcf7-text wpcf7-validates-as-email\" autocomplete=\"email\" aria-required=\"true\" aria-invalid=\"false\" placeholder=\"Correu electr\u00f2nic *\" value=\"\" type=\"email\" name=\"your-email\" \/><\/span>\n\t<\/p>\n<\/div>\n<div class=\"form-full\">\n\t<p><span class=\"wpcf7-form-control-wrap\" data-name=\"mensaje\"><textarea cols=\"40\" rows=\"10\" maxlength=\"2000\" class=\"wpcf7-form-control wpcf7-textarea\" aria-invalid=\"false\" placeholder=\"Escriu aqu\u00ed la teva consulta\" name=\"mensaje\"><\/textarea><\/span>\n\t<\/p>\n<\/div>\n<div class=\"form-full\">\n\t<p>*Els camps marcats amb asterisc s\u00f3n obligatoris\n\t<\/p>\n\t<p><span id=\"wpcf7-6a00c4c944e30-wrapper\" class=\"wpcf7-form-control-wrap email-wrap\" style=\"display:none !important; visibility:hidden !important;\"><label for=\"wpcf7-6a00c4c944e30-field\" class=\"hp-message\">Por favor, deja este campo vac\u00edo.<\/label><input id=\"wpcf7-6a00c4c944e30-field\"  class=\"wpcf7-form-control wpcf7-text\" type=\"text\" name=\"email\" value=\"\" size=\"40\" tabindex=\"-1\" autocomplete=\"new-password\" \/><\/span><br \/>\n<label class=\"privacidad\"><span class=\"wpcf7-form-control-wrap\" data-name=\"privacidad\"><span class=\"wpcf7-form-control wpcf7-acceptance\"><span class=\"wpcf7-list-item\"><input type=\"checkbox\" name=\"privacidad\" value=\"1\" aria-invalid=\"false\" \/><\/span><\/span><\/span> He llegit i accepto la <a href='\/politica-de-privacidad\/' target='_blank'>Pol\u00edtica de privacitat<\/a><\/label><br \/>\n<input class=\"wpcf7-form-control wpcf7-submit has-spinner\" type=\"submit\" value=\"Enviar\" \/>\n\t<\/p>\n<\/div><div class=\"wpcf7-response-output\" aria-hidden=\"true\"><\/div>\n<\/form>\n<\/div>\n<\/pee>[\/et_pb_code][\/et_pb_column][\/et_pb_row][\/et_pb_section][et_pb_section fb_built=&#8221;1&#8243; fullwidth=&#8221;on&#8221; _builder_version=&#8221;4.27.4&#8243; _module_preset=&#8221;default&#8221; global_colors_info=&#8221;{}&#8221;][et_pb_fullwidth_code _builder_version=&#8221;4.27.4&#8243; _module_preset=&#8221;default&#8221; global_colors_info=&#8221;{}&#8221;]<iframe src=\"https:\/\/www.google.com\/maps\/embed?pb=!1m18!1m12!1m3!1d11738.121349288402!2d1.5471318014521285!3d41.213999669344666!2m3!1f0!2f0!3f0!3m2!1i1024!2i768!4f13.1!3m3!1m2!1s0x12a38b0ba1d61089%3A0x6999339543d5964d!2sCarrer%20Francesc%20Camb%C3%B3%2C%2019%2C%2043700%20El%20Vendrell%2C%20Tarragona!5e0!3m2!1ses!2ses!4v1773904937983!5m2!1ses!2ses\" width=\"100%\" height=\"450\" style=\"border:0;\" allowfullscreen=\"\" loading=\"lazy\" referrerpolicy=\"no-referrer-when-downgrade\"><\/iframe>[\/et_pb_fullwidth_code][\/et_pb_section]<\/p>\n","protected":false},"excerpt":{"rendered":"<p>ContacteContacti amb nosaltres per analitzar el seu projecte i rebre orientaci\u00f3 professional, propostes constructives clares i una valoraci\u00f3 econ\u00f2mica ajustada als seus requeriments.Professionalitat, experi\u00e8ncia i comprom\u00edsParquet Chavarr\u00eda S.L. va n\u00e9ixer fa quatre anys, per\u00f2 est\u00e0 recolzada per m\u00e9s de dues d\u00e8cades d&#8217;experi\u00e8ncia al sector dels terres de fusta. Aquest coneixement ens permet oferir un servei [&hellip;]<\/p>\n","protected":false},"author":1,"featured_media":290,"parent":0,"menu_order":0,"comment_status":"closed","ping_status":"closed","template":"","meta":{"_acf_changed":false,"_et_pb_use_builder":"on","_et_pb_old_content":"","_et_gb_content_width":"","inline_featured_image":false,"footnotes":""},"class_list":["post-291","page","type-page","status-publish","has-post-thumbnail","hentry"],"acf":[],"yoast_head":"<!-- This site is optimized with the Yoast SEO plugin v27.4 - https:\/\/yoast.com\/product\/yoast-seo-wordpress\/ -->\n<title>Tens cap dubte? | Parquet Chavarr\u00eda<\/title>\n<meta name=\"description\" content=\"Contacti amb Parquet Chavarr\u00eda per a la seva instal\u00b7laci\u00f3 de parquet, sol\u00b7liciti pressupost i assessorament professional per a terres de fusta.\" \/>\n<meta name=\"robots\" content=\"index, follow, max-snippet:-1, max-image-preview:large, max-video-preview:-1\" \/>\n<link rel=\"canonical\" href=\"https:\/\/parquet-chavarria.com\/contacto\/\" \/>\n<meta property=\"og:locale\" content=\"ca_ES\" \/>\n<meta property=\"og:type\" content=\"article\" \/>\n<meta property=\"og:title\" content=\"Tens cap dubte? | Parquet Chavarr\u00eda\" \/>\n<meta property=\"og:description\" content=\"Contacti amb Parquet Chavarr\u00eda per a la seva instal\u00b7laci\u00f3 de parquet, sol\u00b7liciti pressupost i assessorament professional per a terres de fusta.\" \/>\n<meta property=\"og:url\" content=\"https:\/\/parquet-chavarria.com\/contacto\/\" \/>\n<meta property=\"og:site_name\" content=\"Parquet Chavarria\" \/>\n<meta property=\"article:modified_time\" content=\"2026-03-19T15:26:36+00:00\" \/>\n<meta property=\"og:image\" content=\"https:\/\/parquet-chavarria.com\/wp-content\/uploads\/parquet-chavarria-especialistas-detalles.webp\" \/>\n\t<meta property=\"og:image:width\" content=\"746\" \/>\n\t<meta property=\"og:image:height\" content=\"501\" \/>\n\t<meta property=\"og:image:type\" content=\"image\/webp\" \/>\n<meta name=\"twitter:card\" content=\"summary_large_image\" \/>\n<meta name=\"twitter:label1\" content=\"Temps estimat de lectura\" \/>\n\t<meta name=\"twitter:data1\" content=\"4 minuts\" \/>\n<script type=\"application\/ld+json\" class=\"yoast-schema-graph\">{\"@context\":\"https:\\\/\\\/schema.org\",\"@graph\":[{\"@type\":\"WebPage\",\"@id\":\"https:\\\/\\\/parquet-chavarria.com\\\/contacto\\\/\",\"url\":\"https:\\\/\\\/parquet-chavarria.com\\\/contacto\\\/\",\"name\":\"Tens cap dubte? | Parquet Chavarr\u00eda\",\"isPartOf\":{\"@id\":\"https:\\\/\\\/parquet-chavarria.com\\\/#website\"},\"primaryImageOfPage\":{\"@id\":\"https:\\\/\\\/parquet-chavarria.com\\\/contacto\\\/#primaryimage\"},\"image\":{\"@id\":\"https:\\\/\\\/parquet-chavarria.com\\\/contacto\\\/#primaryimage\"},\"thumbnailUrl\":\"https:\\\/\\\/parquet-chavarria.com\\\/wp-content\\\/uploads\\\/parquet-chavarria-especialistas-detalles.webp\",\"datePublished\":\"2026-03-04T12:58:25+00:00\",\"dateModified\":\"2026-03-19T15:26:36+00:00\",\"description\":\"Contacti amb Parquet Chavarr\u00eda per a la seva instal\u00b7laci\u00f3 de parquet, sol\u00b7liciti pressupost i assessorament professional per a terres de fusta.\",\"breadcrumb\":{\"@id\":\"https:\\\/\\\/parquet-chavarria.com\\\/contacto\\\/#breadcrumb\"},\"inLanguage\":\"ca\",\"potentialAction\":[{\"@type\":\"ReadAction\",\"target\":[\"https:\\\/\\\/parquet-chavarria.com\\\/contacto\\\/\"]}]},{\"@type\":\"ImageObject\",\"inLanguage\":\"ca\",\"@id\":\"https:\\\/\\\/parquet-chavarria.com\\\/contacto\\\/#primaryimage\",\"url\":\"https:\\\/\\\/parquet-chavarria.com\\\/wp-content\\\/uploads\\\/parquet-chavarria-especialistas-detalles.webp\",\"contentUrl\":\"https:\\\/\\\/parquet-chavarria.com\\\/wp-content\\\/uploads\\\/parquet-chavarria-especialistas-detalles.webp\",\"width\":746,\"height\":501,\"caption\":\"Parquet Chavarria Especialistes Detalls\"},{\"@type\":\"BreadcrumbList\",\"@id\":\"https:\\\/\\\/parquet-chavarria.com\\\/contacto\\\/#breadcrumb\",\"itemListElement\":[{\"@type\":\"ListItem\",\"position\":1,\"name\":\"Portada\",\"item\":\"https:\\\/\\\/parquet-chavarria.com\\\/ca\\\/\"},{\"@type\":\"ListItem\",\"position\":2,\"name\":\"Contacte\"}]},{\"@type\":\"WebSite\",\"@id\":\"https:\\\/\\\/parquet-chavarria.com\\\/#website\",\"url\":\"https:\\\/\\\/parquet-chavarria.com\\\/\",\"name\":\"Parquet Chavarria\",\"description\":\"\",\"potentialAction\":[{\"@type\":\"SearchAction\",\"target\":{\"@type\":\"EntryPoint\",\"urlTemplate\":\"https:\\\/\\\/parquet-chavarria.com\\\/?s={search_term_string}\"},\"query-input\":{\"@type\":\"PropertyValueSpecification\",\"valueRequired\":true,\"valueName\":\"search_term_string\"}}],\"inLanguage\":\"ca\"}]}<\/script>\n<!-- \/ Yoast SEO plugin. -->","yoast_head_json":{"title":"Tens cap dubte? | Parquet Chavarr\u00eda","description":"Contacti amb Parquet Chavarr\u00eda per a la seva instal\u00b7laci\u00f3 de parquet, sol\u00b7liciti pressupost i assessorament professional per a terres de fusta.","robots":{"index":"index","follow":"follow","max-snippet":"max-snippet:-1","max-image-preview":"max-image-preview:large","max-video-preview":"max-video-preview:-1"},"canonical":"https:\/\/parquet-chavarria.com\/contacto\/","og_locale":"ca_ES","og_type":"article","og_title":"Tens cap dubte? | Parquet Chavarr\u00eda","og_description":"Contacti amb Parquet Chavarr\u00eda per a la seva instal\u00b7laci\u00f3 de parquet, sol\u00b7liciti pressupost i assessorament professional per a terres de fusta.","og_url":"https:\/\/parquet-chavarria.com\/contacto\/","og_site_name":"Parquet Chavarria","article_modified_time":"2026-03-19T15:26:36+00:00","og_image":[{"width":746,"height":501,"url":"https:\/\/parquet-chavarria.com\/wp-content\/uploads\/parquet-chavarria-especialistas-detalles.webp","type":"image\/webp"}],"twitter_card":"summary_large_image","twitter_misc":{"Temps estimat de lectura":"4 minuts"},"schema":{"@context":"https:\/\/schema.org","@graph":[{"@type":"WebPage","@id":"https:\/\/parquet-chavarria.com\/contacto\/","url":"https:\/\/parquet-chavarria.com\/contacto\/","name":"Tens cap dubte? | Parquet Chavarr\u00eda","isPartOf":{"@id":"https:\/\/parquet-chavarria.com\/#website"},"primaryImageOfPage":{"@id":"https:\/\/parquet-chavarria.com\/contacto\/#primaryimage"},"image":{"@id":"https:\/\/parquet-chavarria.com\/contacto\/#primaryimage"},"thumbnailUrl":"https:\/\/parquet-chavarria.com\/wp-content\/uploads\/parquet-chavarria-especialistas-detalles.webp","datePublished":"2026-03-04T12:58:25+00:00","dateModified":"2026-03-19T15:26:36+00:00","description":"Contacti amb Parquet Chavarr\u00eda per a la seva instal\u00b7laci\u00f3 de parquet, sol\u00b7liciti pressupost i assessorament professional per a terres de fusta.","breadcrumb":{"@id":"https:\/\/parquet-chavarria.com\/contacto\/#breadcrumb"},"inLanguage":"ca","potentialAction":[{"@type":"ReadAction","target":["https:\/\/parquet-chavarria.com\/contacto\/"]}]},{"@type":"ImageObject","inLanguage":"ca","@id":"https:\/\/parquet-chavarria.com\/contacto\/#primaryimage","url":"https:\/\/parquet-chavarria.com\/wp-content\/uploads\/parquet-chavarria-especialistas-detalles.webp","contentUrl":"https:\/\/parquet-chavarria.com\/wp-content\/uploads\/parquet-chavarria-especialistas-detalles.webp","width":746,"height":501,"caption":"Parquet Chavarria Especialistes Detalls"},{"@type":"BreadcrumbList","@id":"https:\/\/parquet-chavarria.com\/contacto\/#breadcrumb","itemListElement":[{"@type":"ListItem","position":1,"name":"Portada","item":"https:\/\/parquet-chavarria.com\/ca\/"},{"@type":"ListItem","position":2,"name":"Contacte"}]},{"@type":"WebSite","@id":"https:\/\/parquet-chavarria.com\/#website","url":"https:\/\/parquet-chavarria.com\/","name":"Parquet Chavarria","description":"","potentialAction":[{"@type":"SearchAction","target":{"@type":"EntryPoint","urlTemplate":"https:\/\/parquet-chavarria.com\/?s={search_term_string}"},"query-input":{"@type":"PropertyValueSpecification","valueRequired":true,"valueName":"search_term_string"}}],"inLanguage":"ca"}]}},"_links":{"self":[{"href":"https:\/\/parquet-chavarria.com\/ca\/wp-json\/wp\/v2\/pages\/291","targetHints":{"allow":["GET"]}}],"collection":[{"href":"https:\/\/parquet-chavarria.com\/ca\/wp-json\/wp\/v2\/pages"}],"about":[{"href":"https:\/\/parquet-chavarria.com\/ca\/wp-json\/wp\/v2\/types\/page"}],"author":[{"embeddable":true,"href":"https:\/\/parquet-chavarria.com\/ca\/wp-json\/wp\/v2\/users\/1"}],"replies":[{"embeddable":true,"href":"https:\/\/parquet-chavarria.com\/ca\/wp-json\/wp\/v2\/comments?post=291"}],"version-history":[{"count":6,"href":"https:\/\/parquet-chavarria.com\/ca\/wp-json\/wp\/v2\/pages\/291\/revisions"}],"predecessor-version":[{"id":360,"href":"https:\/\/parquet-chavarria.com\/ca\/wp-json\/wp\/v2\/pages\/291\/revisions\/360"}],"wp:featuredmedia":[{"embeddable":true,"href":"https:\/\/parquet-chavarria.com\/ca\/wp-json\/wp\/v2\/media\/290"}],"wp:attachment":[{"href":"https:\/\/parquet-chavarria.com\/ca\/wp-json\/wp\/v2\/media?parent=291"}],"curies":[{"name":"wp","href":"https:\/\/api.w.org\/{rel}","templated":true}]}}